{"id":18,"date":"2023-11-02T11:07:23","date_gmt":"2023-11-02T11:07:23","guid":{"rendered":"https:\/\/ingnia.com\/ingenieria\/contacto\/"},"modified":"2023-12-11T10:38:15","modified_gmt":"2023-12-11T10:38:15","slug":"contacto","status":"publish","type":"page","link":"https:\/\/ingnia.com\/ingenieria\/contacto\/","title":{"rendered":"Contacto"},"content":{"rendered":"<p>[et_pb_section fb_built=\u00bb1&#8243; admin_label=\u00bbsection\u00bb _builder_version=\u00bb4.16&#8243; global_colors_info=\u00bb{}\u00bb][et_pb_row _builder_version=\u00bb4.23&#8243; _module_preset=\u00bbdefault\u00bb][et_pb_column _builder_version=\u00bb4.23&#8243; _module_preset=\u00bbdefault\u00bb type=\u00bb4_4&#8243;][et_pb_text _builder_version=\u00bb4.23&#8243; _module_preset=\u00bbdefault\u00bb title_text=\u00bbordenador contacto\u00bb background_image=\u00bbhttps:\/\/ingnia.com\/ingenieria\/wp-content\/uploads\/2023\/12\/ordenador-contacto.jpg\u00bb parallax=\u00bbon\u00bb background_blend=\u00bbcolor-burn\u00bb hover_enabled=\u00bb0&#8243; sticky_enabled=\u00bb0&#8243; header_font=\u00bbMontserrat|800|||||||\u00bb header_text_color=\u00bb#FFFFFF\u00bb header_font_size=\u00bb52px\u00bb header_line_height=\u00bb2em\u00bb header_font_size_last_edited=\u00bbon|desktop\u00bb header_font_size_phone=\u00bb47px\u00bb header_font_size_tablet=\u00bb52px\u00bb]<\/p>\n<h1><\/h1>\n<h1 style=\"text-align: center;\">CONTACTO\u00a0<\/h1>\n<p>&nbsp;<\/p>\n<p>&nbsp;<\/p>\n<p>&nbsp;<\/p>\n<p>&nbsp;<\/p>\n<p>&nbsp;<\/p>\n<p>[\/et_pb_text][\/et_pb_column][\/et_pb_row][et_pb_row _builder_version=\u00bb4.23&#8243; _module_preset=\u00bbdefault\u00bb column_structure=\u00bb1_2,1_2&#8243;][et_pb_column _builder_version=\u00bb4.23&#8243; _module_preset=\u00bbdefault\u00bb type=\u00bb1_2&#8243;][et_pb_image src=\u00bbhttps:\/\/ingnia.com\/ingenieria\/wp-content\/uploads\/2023\/12\/telefono.jpg\u00bb _builder_version=\u00bb4.23&#8243; _module_preset=\u00bbdefault\u00bb title_text=\u00bbtelefono\u00bb hover_enabled=\u00bb0&#8243; sticky_enabled=\u00bb0&#8243;][\/et_pb_image][\/et_pb_column][et_pb_column _builder_version=\u00bb4.23&#8243; _module_preset=\u00bbdefault\u00bb type=\u00bb1_2&#8243;][et_pb_text _builder_version=\u00bb4.23&#8243; _module_preset=\u00bbdefault\u00bb text_font_size=\u00bb20px\u00bb header_font_size=\u00bb38px\u00bb header_font_size_last_edited=\u00bbon|phone\u00bb hover_enabled=\u00bb0&#8243; sticky_enabled=\u00bb0&#8243; header_font_size_phone=\u00bb31px\u00bb text_font_size_last_edited=\u00bbon|desktop\u00bb text_font_size_phone=\u00bb18px\u00bb text_font=\u00bbMontserrat||||||||\u00bb header_font=\u00bbMontserrat|700|||||||\u00bb header_font_size_tablet=\u00bb38px\u00bb text_font_size_tablet=\u00bb20px\u00bb]<\/p>\n<h1>INGNIA Ingenier\u00eda<\/h1>\n<p>&nbsp;<\/p>\n<p>C\/ Camino de los Sastres, 22; 1\u00ba &#8211; 2<\/p>\n<p>14004 &#8211; C\u00f3rdoba (C\u00f3rdoba)<\/p>\n<p>Espa\u00f1a<\/p>\n<p>Tel.: +34 957 944 885<\/p>\n<p><a href=\"mailto:ingenieria@ingnia.com\">ingenieria@ingnia.com<\/a><\/p>\n<p>&nbsp;<\/p>\n<p>[\/et_pb_text][\/et_pb_column][\/et_pb_row][\/et_pb_section]<\/p>\n","protected":false},"excerpt":{"rendered":"<p>CONTACTO\u00a0 &nbsp; &nbsp; &nbsp; &nbsp; &nbsp;INGNIA Ingenier\u00eda &nbsp; C\/ Camino de los Sastres, 22; 1\u00ba &#8211; 2 14004 &#8211; C\u00f3rdoba (C\u00f3rdoba) Espa\u00f1a Tel.: +34 957 944 885 ingenieria@ingnia.com &nbsp;<\/p>\n","protected":false},"author":1,"featured_media":0,"parent":0,"menu_order":0,"comment_status":"closed","ping_status":"closed","template":"","meta":{"_et_pb_use_builder":"on","_et_pb_old_content":"<!-- wp:group {\"align\":\"full\",\"style\":{\"spacing\":{\"padding\":{\"top\":\"0\",\"right\":\"0\",\"left\":\"0\"},\"margin\":{\"top\":\"0\",\"bottom\":\"0\"}}},\"backgroundColor\":\"background\",\"layout\":{\"type\":\"constrained\"}} -->\n<div class=\"wp-block-group alignfull has-background-background-color has-background\" style=\"margin-top:0;margin-bottom:0;padding-top:0;padding-right:0;padding-left:0\"><!-- wp:cover {\"url\":\"https:\/\/images.unsplash.com\/photo-1552960504-34e1e1be3f53?fit=cropu0026crop=entropy%2Cfacesu0026auto=format%2Ccompressu0026w=1280\",\"dimRatio\":60,\"overlayColor\":\"black\",\"minHeight\":50,\"contentPosition\":\"center center\",\"align\":\"full\",\"style\":{\"spacing\":{\"padding\":{\"top\":\"0\",\"right\":\"var:preset|spacing|30\",\"bottom\":\"0\",\"left\":\"var:preset|spacing|30\"}}}} -->\n<div class=\"wp-block-cover alignfull ext-import\" style=\"padding-top:0;padding-right:var(--wp--preset--spacing--30);padding-bottom:0;padding-left:var(--wp--preset--spacing--30);min-height:50px\"><span aria-hidden=\"true\" class=\"wp-block-cover__background has-black-background-color has-background-dim-60 has-background-dim\"><\/span><img class=\"wp-block-cover__image-background\" alt=\"\" src=\"https:\/\/images.unsplash.com\/photo-1552960504-34e1e1be3f53?fit=crop&amp;crop=entropy%2Cfaces&amp;auto=format%2Ccompress&amp;w=1280\" data-object-fit=\"cover\"\/><div class=\"wp-block-cover__inner-container\"><!-- wp:group {\"style\":{\"spacing\":{\"padding\":{\"top\":\"var:preset|spacing|60\",\"bottom\":\"var:preset|spacing|60\"}}},\"layout\":{\"type\":\"constrained\"}} -->\n<div class=\"wp-block-group\" style=\"padding-top:var(--wp--preset--spacing--60);padding-bottom:var(--wp--preset--spacing--60)\"><!-- wp:group {\"align\":\"wide\",\"layout\":{\"type\":\"constrained\",\"justifyContent\":\"center\"}} -->\n<div class=\"wp-block-group alignwide\"><!-- wp:heading {\"textAlign\":\"center\",\"level\":4,\"style\":{\"color\":{\"text\":\"#fffffffc\"}},\"fontSize\":\"small\"} -->\n<h4 class=\"wp-block-heading has-text-align-center has-text-color has-small-font-size\" style=\"color:#fffffffc\">Contact our team for personalized solutions.<\/h4>\n<!-- \/wp:heading -->\n\n<!-- wp:heading {\"textAlign\":\"center\",\"level\":1,\"style\":{\"spacing\":{\"margin\":{\"top\":\"12px\"}},\"color\":{\"text\":\"#fffffffc\"}},\"fontSize\":\"x-large\"} -->\n<h1 class=\"wp-block-heading has-text-align-center has-text-color has-x-large-font-size\" style=\"color:#fffffffc;margin-top:12px\">Get in Touch<\/h1>\n<!-- \/wp:heading -->\n\n<!-- wp:paragraph {\"align\":\"center\",\"style\":{\"spacing\":{\"margin\":{\"top\":\"16px\"}},\"color\":{\"text\":\"#fffffffc\"}}} -->\n<p class=\"has-text-align-center has-text-color\" style=\"color:#fffffffc;margin-top:16px\">Get in touch with our team of experienced consultants to discuss your business needs and find tailored solutions that drive growth and success.<\/p>\n<!-- \/wp:paragraph --><\/div>\n<!-- \/wp:group --><\/div>\n<!-- \/wp:group --><\/div><\/div>\n<!-- \/wp:cover --><\/div>\n<!-- \/wp:group --><!-- wp:group {\"align\":\"full\",\"style\":{\"spacing\":{\"padding\":{\"top\":\"0\",\"right\":\"0\",\"bottom\":\"0\",\"left\":\"0\"},\"margin\":{\"top\":\"0\",\"bottom\":\"0\"}}},\"backgroundColor\":\"background\",\"layout\":{\"inherit\":true,\"type\":\"constrained\"}} -->\n<div class=\"wp-block-group alignfull has-background-background-color has-background\" style=\"margin-top:0;margin-bottom:0;padding-top:0;padding-right:0;padding-bottom:0;padding-left:0\"><!-- wp:columns {\"verticalAlignment\":\"center\",\"align\":\"full\",\"style\":{\"spacing\":{\"blockGap\":{\"top\":\"0\",\"left\":\"0\"}}}} -->\n<div class=\"wp-block-columns alignfull are-vertically-aligned-center\"><!-- wp:column {\"verticalAlignment\":\"center\"} -->\n<div class=\"wp-block-column is-vertically-aligned-center\"><!-- wp:cover {\"url\":\"https:\/\/images.unsplash.com\/photo-1600880292203-757bb62b4baf?fit=cropu0026crop=entropy%2Cfacesu0026auto=format%2Ccompressu0026w=1280\",\"dimRatio\":0,\"minHeight\":60,\"minHeightUnit\":\"vh\"} -->\n<div class=\"wp-block-cover ext-import\" style=\"min-height:60vh\"><span aria-hidden=\"true\" class=\"wp-block-cover__background has-background-dim-0 has-background-dim\"><\/span><img class=\"wp-block-cover__image-background\" alt=\"\" src=\"https:\/\/images.unsplash.com\/photo-1600880292203-757bb62b4baf?fit=crop&amp;crop=entropy%2Cfaces&amp;auto=format%2Ccompress&amp;w=1280\" data-object-fit=\"cover\"\/><div class=\"wp-block-cover__inner-container\"><!-- wp:paragraph {\"align\":\"center\",\"placeholder\":\"Write title&#8230;\",\"fontSize\":\"large\"} -->\n<p class=\"has-text-align-center has-large-font-size\"><\/p>\n<!-- \/wp:paragraph --><\/div><\/div>\n<!-- \/wp:cover --><\/div>\n<!-- \/wp:column -->\n\n<!-- wp:column {\"verticalAlignment\":\"center\"} -->\n<div class=\"wp-block-column is-vertically-aligned-center\"><!-- wp:group {\"style\":{\"spacing\":{\"padding\":{\"top\":\"var:preset|spacing|30\",\"right\":\"var:preset|spacing|40\",\"bottom\":\"var:preset|spacing|30\",\"left\":\"var:preset|spacing|40\"}}},\"layout\":{\"type\":\"constrained\",\"justifyContent\":\"left\"}} -->\n<div class=\"wp-block-group\" style=\"padding-top:var(--wp--preset--spacing--30);padding-right:var(--wp--preset--spacing--40);padding-bottom:var(--wp--preset--spacing--30);padding-left:var(--wp--preset--spacing--40)\"><!-- wp:heading {\"level\":3,\"style\":{\"spacing\":{\"margin\":{\"top\":\"12px\"}}}} -->\n<h3 class=\"wp-block-heading\" style=\"margin-top:12px\">Ready for a smart move?<\/h3>\n<!-- \/wp:heading -->\n\n<!-- wp:paragraph -->\n<p><strong>123 Main St.<\/strong><\/p>\n<!-- \/wp:paragraph -->\n\n<!-- wp:paragraph {\"style\":{\"spacing\":{\"margin\":{\"top\":\"8px\"}}},\"fontSize\":\"small\"} -->\n<p class=\"has-small-font-size\" style=\"margin-top:8px\">1 (206) 555-0100<\/p>\n<!-- \/wp:paragraph -->\n\n<!-- wp:paragraph {\"style\":{\"spacing\":{\"margin\":{\"top\":\"8px\"}}},\"fontSize\":\"small\"} -->\n<p class=\"has-small-font-size\" style=\"margin-top:8px\">hi@example.com<\/p>\n<!-- \/wp:paragraph --><\/div>\n<!-- \/wp:group --><\/div>\n<!-- \/wp:column --><\/div>\n<!-- \/wp:columns --><\/div>\n<!-- \/wp:group -->","_et_gb_content_width":"","footnotes":""},"class_list":["post-18","page","type-page","status-publish","hentry"],"yoast_head":"<!-- This site is optimized with the Yoast SEO plugin v21.7 - https:\/\/yoast.com\/wordpress\/plugins\/seo\/ -->\n<title>Contacto - INGNIA Ingenieria<\/title>\n<meta name=\"robots\" content=\"index, follow, max-snippet:-1, max-image-preview:large, max-video-preview:-1\" \/>\n<link rel=\"canonical\" href=\"https:\/\/ingnia.com\/ingenieria\/contacto\/\" \/>\n<meta property=\"og:locale\" content=\"es_ES\" \/>\n<meta property=\"og:type\" content=\"article\" \/>\n<meta property=\"og:title\" content=\"Contacto - INGNIA Ingenieria\" \/>\n<meta property=\"og:description\" content=\"CONTACTO\u00a0 &nbsp; &nbsp; &nbsp; &nbsp; &nbsp;INGNIA Ingenier\u00eda &nbsp; C\/ Camino de los Sastres, 22; 1\u00ba - 2 14004 - C\u00f3rdoba (C\u00f3rdoba) Espa\u00f1a Tel.: +34 957 944 885 ingenieria@ingnia.com &nbsp;\" \/>\n<meta property=\"og:url\" content=\"https:\/\/ingnia.com\/ingenieria\/contacto\/\" \/>\n<meta property=\"og:site_name\" content=\"INGNIA Ingenieria\" \/>\n<meta property=\"article:publisher\" content=\"https:\/\/www.facebook.com\/ingnia\" \/>\n<meta property=\"article:modified_time\" content=\"2023-12-11T10:38:15+00:00\" \/>\n<meta name=\"twitter:card\" content=\"summary_large_image\" \/>\n<meta name=\"twitter:site\" content=\"@ingnia_\" \/>\n<meta name=\"twitter:label1\" content=\"Tiempo de lectura\" \/>\n\t<meta name=\"twitter:data1\" content=\"1 minuto\" \/>\n<script type=\"application\/ld+json\" class=\"yoast-schema-graph\">{\"@context\":\"https:\/\/schema.org\",\"@graph\":[{\"@type\":\"WebPage\",\"@id\":\"https:\/\/ingnia.com\/ingenieria\/contacto\/\",\"url\":\"https:\/\/ingnia.com\/ingenieria\/contacto\/\",\"name\":\"Contacto - INGNIA Ingenieria\",\"isPartOf\":{\"@id\":\"https:\/\/ingnia.com\/ingenieria\/#website\"},\"datePublished\":\"2023-11-02T11:07:23+00:00\",\"dateModified\":\"2023-12-11T10:38:15+00:00\",\"breadcrumb\":{\"@id\":\"https:\/\/ingnia.com\/ingenieria\/contacto\/#breadcrumb\"},\"inLanguage\":\"es\",\"potentialAction\":[{\"@type\":\"ReadAction\",\"target\":[\"https:\/\/ingnia.com\/ingenieria\/contacto\/\"]}]},{\"@type\":\"BreadcrumbList\",\"@id\":\"https:\/\/ingnia.com\/ingenieria\/contacto\/#breadcrumb\",\"itemListElement\":[{\"@type\":\"ListItem\",\"position\":1,\"name\":\"Home\",\"item\":\"https:\/\/ingnia.com\/ingenieria\/\"},{\"@type\":\"ListItem\",\"position\":2,\"name\":\"Contacto\"}]},{\"@type\":\"WebSite\",\"@id\":\"https:\/\/ingnia.com\/ingenieria\/#website\",\"url\":\"https:\/\/ingnia.com\/ingenieria\/\",\"name\":\"INGNIA Ingenieria\",\"description\":\"Web de INGNIA Ingenieria\",\"publisher\":{\"@id\":\"https:\/\/ingnia.com\/ingenieria\/#organization\"},\"potentialAction\":[{\"@type\":\"SearchAction\",\"target\":{\"@type\":\"EntryPoint\",\"urlTemplate\":\"https:\/\/ingnia.com\/ingenieria\/?s={search_term_string}\"},\"query-input\":\"required name=search_term_string\"}],\"inLanguage\":\"es\"},{\"@type\":\"Organization\",\"@id\":\"https:\/\/ingnia.com\/ingenieria\/#organization\",\"name\":\"INGNIA Ingenieria\",\"url\":\"https:\/\/ingnia.com\/ingenieria\/\",\"logo\":{\"@type\":\"ImageObject\",\"inLanguage\":\"es\",\"@id\":\"https:\/\/ingnia.com\/ingenieria\/#\/schema\/logo\/image\/\",\"url\":\"https:\/\/ingnia.com\/ingenieria\/wp-content\/uploads\/2023\/11\/INGNIA-Ingenieria_cuadrado.jpg\",\"contentUrl\":\"https:\/\/ingnia.com\/ingenieria\/wp-content\/uploads\/2023\/11\/INGNIA-Ingenieria_cuadrado.jpg\",\"width\":800,\"height\":663,\"caption\":\"INGNIA Ingenieria\"},\"image\":{\"@id\":\"https:\/\/ingnia.com\/ingenieria\/#\/schema\/logo\/image\/\"},\"sameAs\":[\"https:\/\/www.facebook.com\/ingnia\",\"https:\/\/twitter.com\/ingnia_\",\"https:\/\/www.instagram.com\/ingnia_solutions\"]}]}<\/script>\n<!-- \/ Yoast SEO plugin. -->","yoast_head_json":{"title":"Contacto - INGNIA Ingenieria","robots":{"index":"index","follow":"follow","max-snippet":"max-snippet:-1","max-image-preview":"max-image-preview:large","max-video-preview":"max-video-preview:-1"},"canonical":"https:\/\/ingnia.com\/ingenieria\/contacto\/","og_locale":"es_ES","og_type":"article","og_title":"Contacto - INGNIA Ingenieria","og_description":"CONTACTO\u00a0 &nbsp; &nbsp; &nbsp; &nbsp; &nbsp;INGNIA Ingenier\u00eda &nbsp; C\/ Camino de los Sastres, 22; 1\u00ba - 2 14004 - C\u00f3rdoba (C\u00f3rdoba) Espa\u00f1a Tel.: +34 957 944 885 ingenieria@ingnia.com &nbsp;","og_url":"https:\/\/ingnia.com\/ingenieria\/contacto\/","og_site_name":"INGNIA Ingenieria","article_publisher":"https:\/\/www.facebook.com\/ingnia","article_modified_time":"2023-12-11T10:38:15+00:00","twitter_card":"summary_large_image","twitter_site":"@ingnia_","twitter_misc":{"Tiempo de lectura":"1 minuto"},"schema":{"@context":"https:\/\/schema.org","@graph":[{"@type":"WebPage","@id":"https:\/\/ingnia.com\/ingenieria\/contacto\/","url":"https:\/\/ingnia.com\/ingenieria\/contacto\/","name":"Contacto - INGNIA Ingenieria","isPartOf":{"@id":"https:\/\/ingnia.com\/ingenieria\/#website"},"datePublished":"2023-11-02T11:07:23+00:00","dateModified":"2023-12-11T10:38:15+00:00","breadcrumb":{"@id":"https:\/\/ingnia.com\/ingenieria\/contacto\/#breadcrumb"},"inLanguage":"es","potentialAction":[{"@type":"ReadAction","target":["https:\/\/ingnia.com\/ingenieria\/contacto\/"]}]},{"@type":"BreadcrumbList","@id":"https:\/\/ingnia.com\/ingenieria\/contacto\/#breadcrumb","itemListElement":[{"@type":"ListItem","position":1,"name":"Home","item":"https:\/\/ingnia.com\/ingenieria\/"},{"@type":"ListItem","position":2,"name":"Contacto"}]},{"@type":"WebSite","@id":"https:\/\/ingnia.com\/ingenieria\/#website","url":"https:\/\/ingnia.com\/ingenieria\/","name":"INGNIA Ingenieria","description":"Web de INGNIA Ingenieria","publisher":{"@id":"https:\/\/ingnia.com\/ingenieria\/#organization"},"potentialAction":[{"@type":"SearchAction","target":{"@type":"EntryPoint","urlTemplate":"https:\/\/ingnia.com\/ingenieria\/?s={search_term_string}"},"query-input":"required name=search_term_string"}],"inLanguage":"es"},{"@type":"Organization","@id":"https:\/\/ingnia.com\/ingenieria\/#organization","name":"INGNIA Ingenieria","url":"https:\/\/ingnia.com\/ingenieria\/","logo":{"@type":"ImageObject","inLanguage":"es","@id":"https:\/\/ingnia.com\/ingenieria\/#\/schema\/logo\/image\/","url":"https:\/\/ingnia.com\/ingenieria\/wp-content\/uploads\/2023\/11\/INGNIA-Ingenieria_cuadrado.jpg","contentUrl":"https:\/\/ingnia.com\/ingenieria\/wp-content\/uploads\/2023\/11\/INGNIA-Ingenieria_cuadrado.jpg","width":800,"height":663,"caption":"INGNIA Ingenieria"},"image":{"@id":"https:\/\/ingnia.com\/ingenieria\/#\/schema\/logo\/image\/"},"sameAs":["https:\/\/www.facebook.com\/ingnia","https:\/\/twitter.com\/ingnia_","https:\/\/www.instagram.com\/ingnia_solutions"]}]}},"jetpack_sharing_enabled":true,"_links":{"self":[{"href":"https:\/\/ingnia.com\/ingenieria\/wp-json\/wp\/v2\/pages\/18","targetHints":{"allow":["GET"]}}],"collection":[{"href":"https:\/\/ingnia.com\/ingenieria\/wp-json\/wp\/v2\/pages"}],"about":[{"href":"https:\/\/ingnia.com\/ingenieria\/wp-json\/wp\/v2\/types\/page"}],"author":[{"embeddable":true,"href":"https:\/\/ingnia.com\/ingenieria\/wp-json\/wp\/v2\/users\/1"}],"replies":[{"embeddable":true,"href":"https:\/\/ingnia.com\/ingenieria\/wp-json\/wp\/v2\/comments?post=18"}],"version-history":[{"count":2,"href":"https:\/\/ingnia.com\/ingenieria\/wp-json\/wp\/v2\/pages\/18\/revisions"}],"predecessor-version":[{"id":245,"href":"https:\/\/ingnia.com\/ingenieria\/wp-json\/wp\/v2\/pages\/18\/revisions\/245"}],"wp:attachment":[{"href":"https:\/\/ingnia.com\/ingenieria\/wp-json\/wp\/v2\/media?parent=18"}],"curies":[{"name":"wp","href":"https:\/\/api.w.org\/{rel}","templated":true}]}}