{"id":169,"date":"2023-11-28T12:22:35","date_gmt":"2023-11-28T12:22:35","guid":{"rendered":"https:\/\/ingnia.com\/ingenieria\/?page_id=169"},"modified":"2023-12-11T17:51:24","modified_gmt":"2023-12-11T16:51:24","slug":"quienes-somos","status":"publish","type":"page","link":"https:\/\/ingnia.com\/ingenieria\/quienes-somos\/","title":{"rendered":"Quienes Somos"},"content":{"rendered":"<p>[et_pb_section fb_built=\u00bb1&#8243; _builder_version=\u00bb4.23&#8243; _module_preset=\u00bbdefault\u00bb background_color=\u00bb#fcd21d\u00bb custom_padding=\u00bb||18px|||\u00bb global_colors_info=\u00bb{}\u00bb][et_pb_row _builder_version=\u00bb4.23&#8243; _module_preset=\u00bbdefault\u00bb custom_margin=\u00bb|auto||62px||\u00bb global_colors_info=\u00bb{}\u00bb][et_pb_column type=\u00bb4_4&#8243; _builder_version=\u00bb4.23&#8243; _module_preset=\u00bbdefault\u00bb global_colors_info=\u00bb{}\u00bb][et_pb_text _builder_version=\u00bb4.23&#8243; _module_preset=\u00bbdefault\u00bb header_font=\u00bbMontserrat|700|||||||\u00bb header_text_align=\u00bbleft\u00bb header_text_color=\u00bb#FFFFFF\u00bb header_font_size=\u00bb48px\u00bb global_colors_info=\u00bb{}\u00bb]<\/p>\n<h1>\u00bfQUIENES SOMOS?<\/h1>\n<p>[\/et_pb_text][\/et_pb_column][\/et_pb_row][\/et_pb_section][et_pb_section fb_built=\u00bb1&#8243; _builder_version=\u00bb4.23&#8243; _module_preset=\u00bbdefault\u00bb global_colors_info=\u00bb{}\u00bb][et_pb_row _builder_version=\u00bb4.23&#8243; _module_preset=\u00bbdefault\u00bb global_colors_info=\u00bb{}\u00bb][et_pb_column type=\u00bb4_4&#8243; _builder_version=\u00bb4.23&#8243; _module_preset=\u00bbdefault\u00bb global_colors_info=\u00bb{}\u00bb][et_pb_divider _builder_version=\u00bb4.23&#8243; _module_preset=\u00bbdefault\u00bb global_colors_info=\u00bb{}\u00bb][\/et_pb_divider][\/et_pb_column][\/et_pb_row][et_pb_row _builder_version=\u00bb4.23&#8243; _module_preset=\u00bbdefault\u00bb custom_margin=\u00bb|auto||38px||\u00bb global_colors_info=\u00bb{}\u00bb][et_pb_column type=\u00bb4_4&#8243; _builder_version=\u00bb4.23&#8243; _module_preset=\u00bbdefault\u00bb global_colors_info=\u00bb{}\u00bb][et_pb_team_member name=\u00bbMiguel J. Jimenez-Berni\u00bb position=\u00bbDirector\u00bb image_url=\u00bbhttps:\/\/ingnia.com\/ingenieria\/wp-content\/uploads\/2023\/11\/Miguel.jpg\u00bb _builder_version=\u00bb4.23&#8243; _module_preset=\u00bbdefault\u00bb header_font=\u00bbMontserrat|700|||||||\u00bb header_font_size=\u00bb28px\u00bb body_font=\u00bbMontserrat||||||||\u00bb body_text_align=\u00bbjustify\u00bb body_font_size=\u00bb16px\u00bb body_line_height=\u00bb1.8em\u00bb max_width=\u00bb100%\u00bb animation_style=\u00bbfade\u00bb border_radii_image=\u00bbon|20px|20px|20px|20px\u00bb global_colors_info=\u00bb{}\u00bb]<\/p>\n<p>Mi vida siempre ha estado ligada al mundo de la agricultura por tradici\u00f3n familiar, aunque la ingenier\u00eda y el dise\u00f1o siempre han sido mi pasi\u00f3n. Ingeniero agr\u00f3nomo por la Universidad de C\u00f3rdoba (Espa\u00f1a) y M.S. en Biosystem Engineering por la Universidad de California Davis (Estados Unidos).<\/p>\n<p>Desde 2003 que fund\u00e9 la empresa INGNIA, he tenido el privilegio de poder desarrollar y dirigir proyectos de edificaci\u00f3n, agroindustrial y consultor\u00eda tanto en el \u00e1mbito del c\u00e1lculo estructural, como en gesti\u00f3n agr\u00edcola y valoraci\u00f3n econ\u00f3mica de proyectos, inmuebles e inversiones.<\/p>\n<p>El c\u00e1lculo estructural me ha apasionado porque cada estructura dise\u00f1ada me la he planteado como un reto personal, donde poder ofrecer al cliente una soluci\u00f3n \u00f3ptima y diferente. La mayor satisfacci\u00f3n es hacer posible lo que parec\u00eda imposible.<\/p>\n<p>En los \u00faltimos a\u00f1os, he sido consciente de la necesidad de implantar criterios de gesti\u00f3n sostenible de los residuos generados en la agroindustria. Esta gesti\u00f3n va ligada a la necesidad de obtener y disponer de fertilizantes org\u00e1nicos de calidad en las explotaciones agr\u00edcolas que dirijo. Raz\u00f3n por la que nos hemos embarcado en el proyecto INGNIA Compostaje, donde gestionamos nuestra propia planta de gesti\u00f3n de residuos y subproductos. Por ello, cuando dise\u00f1amos proyectos de gesti\u00f3n mediambiental o prestamos servicios de consultor\u00eda en materia de compostaje, sabemos de lo que hablamos.<\/p>\n<p><img loading=\"lazy\" decoding=\"async\" src=\"https:\/\/ingnia.com\/ingenieria\/wp-content\/uploads\/2023\/11\/firma-Miguel-Jimenez-1024x414.png\" width=\"344\" height=\"139\" alt=\"\" class=\"wp-image-197 aligncenter size-large\" \/><\/p>\n<p>[\/et_pb_team_member][\/et_pb_column][\/et_pb_row][\/et_pb_section][et_pb_section fb_built=\u00bb1&#8243; _builder_version=\u00bb4.23&#8243; _module_preset=\u00bbdefault\u00bb background_color=\u00bb#fcd21d\u00bb global_colors_info=\u00bb{}\u00bb][et_pb_row _builder_version=\u00bb4.23&#8243; _module_preset=\u00bbdefault\u00bb global_colors_info=\u00bb{}\u00bb][et_pb_column type=\u00bb4_4&#8243; _builder_version=\u00bb4.23&#8243; _module_preset=\u00bbdefault\u00bb global_colors_info=\u00bb{}\u00bb][et_pb_text _builder_version=\u00bb4.23&#8243; _module_preset=\u00bbdefault\u00bb text_font=\u00bbMontserrat||||||||\u00bb text_text_color=\u00bb#FFFFFF\u00bb text_font_size=\u00bb24px\u00bb global_colors_info=\u00bb{}\u00bb]<\/p>\n<p>Equipo multidisciplinar, donde ofrecemos soluciones a cada uno de los retos y proyectos que se nos plantean. T\u00fa lo piensas, nosotros lo dise\u00f1amos y le damos forma.<\/p>\n<p>[\/et_pb_text][\/et_pb_column][\/et_pb_row][\/et_pb_section][et_pb_section fb_built=\u00bb1&#8243; _builder_version=\u00bb4.23&#8243; _module_preset=\u00bbdefault\u00bb custom_padding=\u00bb11px||10px|||\u00bb global_colors_info=\u00bb{}\u00bb][et_pb_row _builder_version=\u00bb4.23&#8243; _module_preset=\u00bbdefault\u00bb global_colors_info=\u00bb{}\u00bb][et_pb_column type=\u00bb4_4&#8243; _builder_version=\u00bb4.23&#8243; _module_preset=\u00bbdefault\u00bb global_colors_info=\u00bb{}\u00bb][et_pb_divider show_divider=\u00bboff\u00bb _builder_version=\u00bb4.23&#8243; _module_preset=\u00bbdefault\u00bb global_colors_info=\u00bb{}\u00bb][\/et_pb_divider][\/et_pb_column][\/et_pb_row][\/et_pb_section]<\/p>\n","protected":false},"excerpt":{"rendered":"<p>\u00bfQUIENES SOMOS?Mi vida siempre ha estado ligada al mundo de la agricultura por tradici\u00f3n familiar, aunque la ingenier\u00eda y el dise\u00f1o siempre han sido mi pasi\u00f3n. Ingeniero agr\u00f3nomo por la Universidad de C\u00f3rdoba (Espa\u00f1a) y M.S. en Biosystem Engineering por la Universidad de California Davis (Estados Unidos). Desde 2003 que fund\u00e9 la empresa INGNIA, he [&hellip;]<\/p>\n","protected":false},"author":1,"featured_media":0,"parent":0,"menu_order":0,"comment_status":"closed","ping_status":"closed","template":"","meta":{"_et_pb_use_builder":"on","_et_pb_old_content":"","_et_gb_content_width":"","footnotes":""},"class_list":["post-169","page","type-page","status-publish","hentry"],"yoast_head":"<!-- This site is optimized with the Yoast SEO plugin v21.7 - https:\/\/yoast.com\/wordpress\/plugins\/seo\/ -->\n<title>Quienes Somos - INGNIA Ingenieria<\/title>\n<meta name=\"description\" content=\"Ingenieros Consultores. Miguel J. Jim\u00e9nez-Berni. Ingeniero agr\u00f3nomo, consultor de estructuras, gestor de explotaciones agr\u00edcolas y dise\u00f1o de plantas de compostaje y gesti\u00f3n de residuos.\" \/>\n<meta name=\"robots\" content=\"index, follow, max-snippet:-1, max-image-preview:large, max-video-preview:-1\" \/>\n<link rel=\"canonical\" href=\"https:\/\/ingnia.com\/ingenieria\/quienes-somos\/\" \/>\n<meta property=\"og:locale\" content=\"es_ES\" \/>\n<meta property=\"og:type\" content=\"article\" \/>\n<meta property=\"og:title\" content=\"Quienes Somos - INGNIA Ingenieria\" \/>\n<meta property=\"og:description\" content=\"Ingenieros Consultores. Miguel J. Jim\u00e9nez-Berni. Ingeniero agr\u00f3nomo, consultor de estructuras, gestor de explotaciones agr\u00edcolas y dise\u00f1o de plantas de compostaje y gesti\u00f3n de residuos.\" \/>\n<meta property=\"og:url\" content=\"https:\/\/ingnia.com\/ingenieria\/quienes-somos\/\" \/>\n<meta property=\"og:site_name\" content=\"INGNIA Ingenieria\" \/>\n<meta property=\"article:publisher\" content=\"https:\/\/www.facebook.com\/ingnia\" \/>\n<meta property=\"article:modified_time\" content=\"2023-12-11T16:51:24+00:00\" \/>\n<meta property=\"og:image\" content=\"https:\/\/ingnia.com\/ingenieria\/wp-content\/uploads\/2023\/11\/firma-Miguel-Jimenez-1024x414.png\" \/>\n<meta name=\"twitter:card\" content=\"summary_large_image\" \/>\n<meta name=\"twitter:site\" content=\"@ingnia_\" \/>\n<script type=\"application\/ld+json\" class=\"yoast-schema-graph\">{\"@context\":\"https:\/\/schema.org\",\"@graph\":[{\"@type\":\"WebPage\",\"@id\":\"https:\/\/ingnia.com\/ingenieria\/quienes-somos\/\",\"url\":\"https:\/\/ingnia.com\/ingenieria\/quienes-somos\/\",\"name\":\"Quienes Somos - INGNIA Ingenieria\",\"isPartOf\":{\"@id\":\"https:\/\/ingnia.com\/ingenieria\/#website\"},\"datePublished\":\"2023-11-28T12:22:35+00:00\",\"dateModified\":\"2023-12-11T16:51:24+00:00\",\"description\":\"Ingenieros Consultores. Miguel J. Jim\u00e9nez-Berni. Ingeniero agr\u00f3nomo, consultor de estructuras, gestor de explotaciones agr\u00edcolas y dise\u00f1o de plantas de compostaje y gesti\u00f3n de residuos.\",\"breadcrumb\":{\"@id\":\"https:\/\/ingnia.com\/ingenieria\/quienes-somos\/#breadcrumb\"},\"inLanguage\":\"es\",\"potentialAction\":[{\"@type\":\"ReadAction\",\"target\":[\"https:\/\/ingnia.com\/ingenieria\/quienes-somos\/\"]}]},{\"@type\":\"BreadcrumbList\",\"@id\":\"https:\/\/ingnia.com\/ingenieria\/quienes-somos\/#breadcrumb\",\"itemListElement\":[{\"@type\":\"ListItem\",\"position\":1,\"name\":\"Home\",\"item\":\"https:\/\/ingnia.com\/ingenieria\/\"},{\"@type\":\"ListItem\",\"position\":2,\"name\":\"Quienes Somos\"}]},{\"@type\":\"WebSite\",\"@id\":\"https:\/\/ingnia.com\/ingenieria\/#website\",\"url\":\"https:\/\/ingnia.com\/ingenieria\/\",\"name\":\"INGNIA Ingenieria\",\"description\":\"Web de INGNIA Ingenieria\",\"publisher\":{\"@id\":\"https:\/\/ingnia.com\/ingenieria\/#organization\"},\"potentialAction\":[{\"@type\":\"SearchAction\",\"target\":{\"@type\":\"EntryPoint\",\"urlTemplate\":\"https:\/\/ingnia.com\/ingenieria\/?s={search_term_string}\"},\"query-input\":\"required name=search_term_string\"}],\"inLanguage\":\"es\"},{\"@type\":\"Organization\",\"@id\":\"https:\/\/ingnia.com\/ingenieria\/#organization\",\"name\":\"INGNIA Ingenieria\",\"url\":\"https:\/\/ingnia.com\/ingenieria\/\",\"logo\":{\"@type\":\"ImageObject\",\"inLanguage\":\"es\",\"@id\":\"https:\/\/ingnia.com\/ingenieria\/#\/schema\/logo\/image\/\",\"url\":\"https:\/\/ingnia.com\/ingenieria\/wp-content\/uploads\/2023\/11\/INGNIA-Ingenieria_cuadrado.jpg\",\"contentUrl\":\"https:\/\/ingnia.com\/ingenieria\/wp-content\/uploads\/2023\/11\/INGNIA-Ingenieria_cuadrado.jpg\",\"width\":800,\"height\":663,\"caption\":\"INGNIA Ingenieria\"},\"image\":{\"@id\":\"https:\/\/ingnia.com\/ingenieria\/#\/schema\/logo\/image\/\"},\"sameAs\":[\"https:\/\/www.facebook.com\/ingnia\",\"https:\/\/twitter.com\/ingnia_\",\"https:\/\/www.instagram.com\/ingnia_solutions\"]}]}<\/script>\n<!-- \/ Yoast SEO plugin. -->","yoast_head_json":{"title":"Quienes Somos - INGNIA Ingenieria","description":"Ingenieros Consultores. Miguel J. Jim\u00e9nez-Berni. Ingeniero agr\u00f3nomo, consultor de estructuras, gestor de explotaciones agr\u00edcolas y dise\u00f1o de plantas de compostaje y gesti\u00f3n de residuos.","robots":{"index":"index","follow":"follow","max-snippet":"max-snippet:-1","max-image-preview":"max-image-preview:large","max-video-preview":"max-video-preview:-1"},"canonical":"https:\/\/ingnia.com\/ingenieria\/quienes-somos\/","og_locale":"es_ES","og_type":"article","og_title":"Quienes Somos - INGNIA Ingenieria","og_description":"Ingenieros Consultores. Miguel J. Jim\u00e9nez-Berni. Ingeniero agr\u00f3nomo, consultor de estructuras, gestor de explotaciones agr\u00edcolas y dise\u00f1o de plantas de compostaje y gesti\u00f3n de residuos.","og_url":"https:\/\/ingnia.com\/ingenieria\/quienes-somos\/","og_site_name":"INGNIA Ingenieria","article_publisher":"https:\/\/www.facebook.com\/ingnia","article_modified_time":"2023-12-11T16:51:24+00:00","og_image":[{"url":"https:\/\/ingnia.com\/ingenieria\/wp-content\/uploads\/2023\/11\/firma-Miguel-Jimenez-1024x414.png"}],"twitter_card":"summary_large_image","twitter_site":"@ingnia_","schema":{"@context":"https:\/\/schema.org","@graph":[{"@type":"WebPage","@id":"https:\/\/ingnia.com\/ingenieria\/quienes-somos\/","url":"https:\/\/ingnia.com\/ingenieria\/quienes-somos\/","name":"Quienes Somos - INGNIA Ingenieria","isPartOf":{"@id":"https:\/\/ingnia.com\/ingenieria\/#website"},"datePublished":"2023-11-28T12:22:35+00:00","dateModified":"2023-12-11T16:51:24+00:00","description":"Ingenieros Consultores. Miguel J. Jim\u00e9nez-Berni. Ingeniero agr\u00f3nomo, consultor de estructuras, gestor de explotaciones agr\u00edcolas y dise\u00f1o de plantas de compostaje y gesti\u00f3n de residuos.","breadcrumb":{"@id":"https:\/\/ingnia.com\/ingenieria\/quienes-somos\/#breadcrumb"},"inLanguage":"es","potentialAction":[{"@type":"ReadAction","target":["https:\/\/ingnia.com\/ingenieria\/quienes-somos\/"]}]},{"@type":"BreadcrumbList","@id":"https:\/\/ingnia.com\/ingenieria\/quienes-somos\/#breadcrumb","itemListElement":[{"@type":"ListItem","position":1,"name":"Home","item":"https:\/\/ingnia.com\/ingenieria\/"},{"@type":"ListItem","position":2,"name":"Quienes Somos"}]},{"@type":"WebSite","@id":"https:\/\/ingnia.com\/ingenieria\/#website","url":"https:\/\/ingnia.com\/ingenieria\/","name":"INGNIA Ingenieria","description":"Web de INGNIA Ingenieria","publisher":{"@id":"https:\/\/ingnia.com\/ingenieria\/#organization"},"potentialAction":[{"@type":"SearchAction","target":{"@type":"EntryPoint","urlTemplate":"https:\/\/ingnia.com\/ingenieria\/?s={search_term_string}"},"query-input":"required name=search_term_string"}],"inLanguage":"es"},{"@type":"Organization","@id":"https:\/\/ingnia.com\/ingenieria\/#organization","name":"INGNIA Ingenieria","url":"https:\/\/ingnia.com\/ingenieria\/","logo":{"@type":"ImageObject","inLanguage":"es","@id":"https:\/\/ingnia.com\/ingenieria\/#\/schema\/logo\/image\/","url":"https:\/\/ingnia.com\/ingenieria\/wp-content\/uploads\/2023\/11\/INGNIA-Ingenieria_cuadrado.jpg","contentUrl":"https:\/\/ingnia.com\/ingenieria\/wp-content\/uploads\/2023\/11\/INGNIA-Ingenieria_cuadrado.jpg","width":800,"height":663,"caption":"INGNIA Ingenieria"},"image":{"@id":"https:\/\/ingnia.com\/ingenieria\/#\/schema\/logo\/image\/"},"sameAs":["https:\/\/www.facebook.com\/ingnia","https:\/\/twitter.com\/ingnia_","https:\/\/www.instagram.com\/ingnia_solutions"]}]}},"jetpack_sharing_enabled":true,"_links":{"self":[{"href":"https:\/\/ingnia.com\/ingenieria\/wp-json\/wp\/v2\/pages\/169","targetHints":{"allow":["GET"]}}],"collection":[{"href":"https:\/\/ingnia.com\/ingenieria\/wp-json\/wp\/v2\/pages"}],"about":[{"href":"https:\/\/ingnia.com\/ingenieria\/wp-json\/wp\/v2\/types\/page"}],"author":[{"embeddable":true,"href":"https:\/\/ingnia.com\/ingenieria\/wp-json\/wp\/v2\/users\/1"}],"replies":[{"embeddable":true,"href":"https:\/\/ingnia.com\/ingenieria\/wp-json\/wp\/v2\/comments?post=169"}],"version-history":[{"count":24,"href":"https:\/\/ingnia.com\/ingenieria\/wp-json\/wp\/v2\/pages\/169\/revisions"}],"predecessor-version":[{"id":253,"href":"https:\/\/ingnia.com\/ingenieria\/wp-json\/wp\/v2\/pages\/169\/revisions\/253"}],"wp:attachment":[{"href":"https:\/\/ingnia.com\/ingenieria\/wp-json\/wp\/v2\/media?parent=169"}],"curies":[{"name":"wp","href":"https:\/\/api.w.org\/{rel}","templated":true}]}}